{"id":204,"date":"2024-04-09T22:05:02","date_gmt":"2024-04-09T20:05:02","guid":{"rendered":"https:\/\/langeroseeveille.fr\/?page_id=204"},"modified":"2024-06-04T08:46:34","modified_gmt":"2024-06-04T06:46:34","slug":"mes-actus","status":"publish","type":"page","link":"https:\/\/langeroseeveille.fr\/index.php\/mes-actus\/","title":{"rendered":"Mes actus"},"content":{"rendered":"<p>[et_pb_section fb_built=&#8221;1&#8243; custom_padding_last_edited=&#8221;on|tablet&#8221; admin_label=&#8221;Header&#8221; _builder_version=&#8221;4.17.3&#8243; _module_preset=&#8221;default&#8221; use_background_color_gradient=&#8221;on&#8221; background_color_gradient_stops=&#8221;#e1ecea 0%|rgba(225,236,234,0) 90%&#8221; background_image=&#8221;http:\/\/langeroseeveille.fr\/wp-content\/uploads\/2024\/04\/therapy-53.png&#8221; background_position=&#8221;bottom_center&#8221; custom_padding=&#8221;||9vw||false|false&#8221; custom_padding_tablet=&#8221;||20vw||false|false&#8221; custom_padding_phone=&#8221;||20vw||false|false&#8221; collapsed=&#8221;on&#8221; global_colors_info=&#8221;{}&#8221;][et_pb_row _builder_version=&#8221;4.17.3&#8243; _module_preset=&#8221;default&#8221; width=&#8221;50%&#8221; width_tablet=&#8221;80%&#8221; width_phone=&#8221;80%&#8221; width_last_edited=&#8221;on|tablet&#8221; locked=&#8221;off&#8221; global_colors_info=&#8221;{}&#8221;][et_pb_column type=&#8221;4_4&#8243; _builder_version=&#8221;4.17.1&#8243; _module_preset=&#8221;default&#8221; global_colors_info=&#8221;{}&#8221;][et_pb_text _builder_version=&#8221;4.21.0&#8243; _module_preset=&#8221;c16985e1-e0d6-4022-964d-e2bfc04fa633&#8243; header_font=&#8221;Cormorant Garamond|700|||||||&#8221; header_text_color=&#8221;#22434A&#8221; header_font_size=&#8221;90px&#8221; header_line_height=&#8221;1.1em&#8221; text_orientation=&#8221;center&#8221; custom_margin=&#8221;||0px||false|false&#8221; header_font_size_tablet=&#8221;40px&#8221; header_font_size_phone=&#8221;24px&#8221; header_font_size_last_edited=&#8221;on|desktop&#8221; global_colors_info=&#8221;{}&#8221;]<\/p>\n<h1>Mes actualit\u00e9s<\/h1>\n<p>[\/et_pb_text][et_pb_button button_text=&#8221;Subscribe&#8221; button_alignment=&#8221;center&#8221; _builder_version=&#8221;4.17.3&#8243; _module_preset=&#8221;31b4f027-aaa0-4f2f-ae02-959764e19e4f&#8221; custom_button=&#8221;on&#8221; button_text_size=&#8221;14px&#8221; button_text_color=&#8221;#E1ECEA&#8221; button_bg_color=&#8221;#2E5B61&#8243; button_border_width=&#8221;0px&#8221; button_border_radius=&#8221;50px&#8221; button_font=&#8221;Inter|600|||||||&#8221; custom_padding=&#8221;20px|40px|20px|40px|true|true&#8221; global_colors_info=&#8221;{}&#8221;][\/et_pb_button][\/et_pb_column][\/et_pb_row][\/et_pb_section][et_pb_section fb_built=&#8221;1&#8243; admin_label=&#8221;Blog&#8221; _builder_version=&#8221;4.17.1&#8243; _module_preset=&#8221;default&#8221; collapsed=&#8221;on&#8221; global_colors_info=&#8221;{}&#8221;][et_pb_row column_structure=&#8221;1_2,1_2&#8243; _builder_version=&#8221;4.21.0&#8243; _module_preset=&#8221;default&#8221; custom_padding=&#8221;||0px|||&#8221; global_colors_info=&#8221;{}&#8221;][et_pb_column type=&#8221;1_2&#8243; _builder_version=&#8221;4.17.1&#8243; _module_preset=&#8221;default&#8221; global_colors_info=&#8221;{}&#8221;][et_pb_blog posts_number=&#8221;1&#8243; include_categories=&#8221;7&#8243; show_more=&#8221;on&#8221; show_author=&#8221;off&#8221; show_pagination=&#8221;off&#8221; _builder_version=&#8221;4.21.0&#8243; _module_preset=&#8221;c89fe81b-3a1e-44ca-8a8a-34ae69d301e5&#8243; header_font=&#8221;Cormorant Garamond|600|||||||&#8221; header_text_color=&#8221;#22434A&#8221; header_font_size=&#8221;40px&#8221; header_line_height=&#8221;1.2em&#8221; body_font=&#8221;Inter||||||||&#8221; body_text_color=&#8221;#22434A&#8221; body_font_size=&#8221;18px&#8221; body_line_height=&#8221;1.8em&#8221; meta_font=&#8221;Inter|600|||||||&#8221; meta_text_color=&#8221;#63A5AD&#8221; meta_line_height=&#8221;1.8em&#8221; read_more_text_color=&#8221;#AD8B40&#8243; pagination_font=&#8221;Inter|600|||||||&#8221; pagination_text_color=&#8221;#2E5B61&#8243; header_font_size_tablet=&#8221;&#8221; header_font_size_phone=&#8221;&#8221; header_font_size_last_edited=&#8221;on|tablet&#8221; body_font_size_tablet=&#8221;16px&#8221; body_font_size_phone=&#8221;14px&#8221; body_font_size_last_edited=&#8221;on|phone&#8221; global_colors_info=&#8221;{}&#8221;][\/et_pb_blog][\/et_pb_column][et_pb_column type=&#8221;1_2&#8243; _builder_version=&#8221;4.17.1&#8243; _module_preset=&#8221;default&#8221; global_colors_info=&#8221;{}&#8221;][et_pb_blog posts_number=&#8221;1&#8243; include_categories=&#8221;8&#8243; meta_date=&#8221;13\/06\/2024&#8243; show_more=&#8221;on&#8221; show_author=&#8221;off&#8221; show_pagination=&#8221;off&#8221; admin_label=&#8221;https:\/\/www.facebook.com\/events\/357695690639915\/?acontext=%7B%22event_action_history%22%3A%91%7B%22mechanism%22%3A%22your_upcoming_events_unit%22%2C%22surface%22%3A%22bookmark%22%7D%93%2C%22ref_notif_type%22%3Anull%7D&#8221; _builder_version=&#8221;4.25.1&#8243; _module_preset=&#8221;c89fe81b-3a1e-44ca-8a8a-34ae69d301e5&#8243; header_font=&#8221;Cormorant Garamond|600|||||||&#8221; header_text_color=&#8221;#22434A&#8221; header_font_size=&#8221;40px&#8221; header_line_height=&#8221;1.2em&#8221; body_font=&#8221;Inter||||||||&#8221; body_text_color=&#8221;#22434A&#8221; body_font_size=&#8221;18px&#8221; body_line_height=&#8221;1.8em&#8221; meta_font=&#8221;Inter|600|||||||&#8221; meta_text_color=&#8221;#63A5AD&#8221; meta_line_height=&#8221;1.8em&#8221; read_more_text_color=&#8221;#AD8B40&#8243; pagination_font=&#8221;Inter|600|||||||&#8221; pagination_text_color=&#8221;#2E5B61&#8243; header_font_size_tablet=&#8221;&#8221; header_font_size_phone=&#8221;&#8221; header_font_size_last_edited=&#8221;on|tablet&#8221; body_font_size_tablet=&#8221;16px&#8221; body_font_size_phone=&#8221;14px&#8221; body_font_size_last_edited=&#8221;on|phone&#8221; global_colors_info=&#8221;{}&#8221;][\/et_pb_blog][\/et_pb_column][\/et_pb_row][et_pb_row column_structure=&#8221;1_2,1_2&#8243; _builder_version=&#8221;4.25.1&#8243; _module_preset=&#8221;default&#8221; global_colors_info=&#8221;{}&#8221;][et_pb_column type=&#8221;1_2&#8243; _builder_version=&#8221;4.25.1&#8243; _module_preset=&#8221;default&#8221; global_colors_info=&#8221;{}&#8221;][et_pb_blurb title=&#8221;Soin d&#8217;\u00e2me \u00e0 \u00e2me&#8221; image=&#8221;http:\/\/langeroseeveille.fr\/wp-content\/uploads\/2024\/06\/443697698_419138277547876_2156943001633233654_n.jpg&#8221; _builder_version=&#8221;4.25.1&#8243; _module_preset=&#8221;default&#8221; global_colors_info=&#8221;{}&#8221;]<\/p>\n<div class=\"xdj266r x11i5rnm xat24cr x1mh8g0r x1vvkbs\">Je serai accueillie par Sylvia dans la boutique &#8221; F\u00e9e bois&#8221; \u00e0 Gaillan M\u00e9doc.<br class=\"html-br\" \/>Je propose des soins-guidances comprenant soins et messages des ma\u00eetres, de la source, des guides, des anges, ce qui est juste pour vous . Le tout en connexion avec Akasha (reli\u00e9 aux archives akashiques) ce qui va permettre de recevoir lib\u00e9rations, message, d\u00e9blocage et soin.<\/div>\n<div class=\"x11i5rnm xat24cr x1mh8g0r x1vvkbs xtlvy1s\">UNIQUEMENT sur R\u00e9servation whats app au 06 24 25 22 34.<br class=\"html-br\" \/>Consultation de 30&#8242;<br class=\"html-br\" \/>Tarif : 35 \u20ac<\/div>\n<div class=\"x11i5rnm xat24cr x1mh8g0r x1vvkbs xtlvy1s\"><\/div>\n<div class=\"x11i5rnm xat24cr x1mh8g0r x1vvkbs xtlvy1s\"><\/div>\n<div class=\"x11i5rnm xat24cr x1mh8g0r x1vvkbs xtlvy1s\"><span>Cr\u00e9neaux disponibles :<\/span><br class=\"html-br\" \/><span>1. 10h\/10h30&#8230;<\/span><br class=\"html-br\" \/><span>2. 10h45\/11h15&#8230; RESERV\u00c9<\/span><br class=\"html-br\" \/><span>3. 11h30\/12h&#8230;<\/span><br class=\"html-br\" \/><span>4. 12h15\/12h45&#8230;<\/span><br class=\"html-br\" \/><span>Pause 30&#8242;<\/span><br class=\"html-br\" \/><span>5. 13h15\/13h45&#8230;<\/span><br class=\"html-br\" \/><span>6. 14h\/14h30\u2026<\/span><br class=\"html-br\" \/><span>7. 14h45\/15h15&#8230;<\/span><br class=\"html-br\" \/><span>8. 15h30\/16h&#8230;<\/span><br class=\"html-br\" \/><span>Pause 30&#8242;<\/span><br class=\"html-br\" \/><span>9. 16h30\/17h&#8230;<\/span><br class=\"html-br\" \/><span>10. 17h15\/17h45&#8230;RESERV\u00c9<\/span><br class=\"html-br\" \/><span>11. 18h\/18h30\u2026<\/span><\/div>\n<p>[\/et_pb_blurb][et_pb_blurb title=&#8221;Salon&#8221; image=&#8221;http:\/\/langeroseeveille.fr\/wp-content\/uploads\/2024\/06\/181838ed-8acd-4846-810f-ac9cb8fbd1b2.jpg&#8221; _builder_version=&#8221;4.25.1&#8243; _module_preset=&#8221;default&#8221; global_colors_info=&#8221;{}&#8221;]<\/p>\n<div class=\"xdj266r x11i5rnm xat24cr x1mh8g0r x1vvkbs\">Prochain salon Naujac sur Mer<\/div>\n<div class=\"x11i5rnm xat24cr x1mh8g0r x1vvkbs xtlvy1s\"><span><\/span><\/div>\n<p>[\/et_pb_blurb][et_pb_comments _builder_version=&#8221;4.25.1&#8243; _module_preset=&#8221;default&#8221; global_colors_info=&#8221;{}&#8221;][\/et_pb_comments][\/et_pb_column][et_pb_column type=&#8221;1_2&#8243; _builder_version=&#8221;4.25.1&#8243; _module_preset=&#8221;default&#8221; global_colors_info=&#8221;{}&#8221;][\/et_pb_column][\/et_pb_row][et_pb_row _builder_version=&#8221;4.21.0&#8243; _module_preset=&#8221;default&#8221; global_colors_info=&#8221;{}&#8221;][et_pb_column type=&#8221;4_4&#8243; _builder_version=&#8221;4.17.1&#8243; _module_preset=&#8221;default&#8221; global_colors_info=&#8221;{}&#8221;][et_pb_blog include_categories=&#8221;8&#8243; show_more=&#8221;on&#8221; show_author=&#8221;off&#8221; show_pagination=&#8221;off&#8221; _builder_version=&#8221;4.21.0&#8243; _module_preset=&#8221;c89fe81b-3a1e-44ca-8a8a-34ae69d301e5&#8243; header_font=&#8221;Cormorant Garamond|600|||||||&#8221; header_text_color=&#8221;#22434A&#8221; header_font_size=&#8221;40px&#8221; header_line_height=&#8221;1.2em&#8221; body_font=&#8221;Inter||||||||&#8221; body_text_color=&#8221;#22434A&#8221; body_font_size=&#8221;18px&#8221; body_line_height=&#8221;1.8em&#8221; meta_font=&#8221;Inter|600|||||||&#8221; meta_text_color=&#8221;#63A5AD&#8221; meta_line_height=&#8221;1.8em&#8221; read_more_text_color=&#8221;#AD8B40&#8243; pagination_font=&#8221;Inter|600|||||||&#8221; pagination_text_color=&#8221;#2E5B61&#8243; header_font_size_tablet=&#8221;&#8221; header_font_size_phone=&#8221;&#8221; header_font_size_last_edited=&#8221;on|tablet&#8221; body_font_size_tablet=&#8221;16px&#8221; body_font_size_phone=&#8221;14px&#8221; body_font_size_last_edited=&#8221;on|phone&#8221; global_colors_info=&#8221;{}&#8221;][\/et_pb_blog][\/et_pb_column][\/et_pb_row][\/et_pb_section][et_pb_section fb_built=&#8221;1&#8243; custom_padding_last_edited=&#8221;on|desktop&#8221; admin_label=&#8221;Footer&#8221; _builder_version=&#8221;4.25.1&#8243; _module_preset=&#8221;default&#8221; background_color=&#8221;#7f0199&#8243; background_image=&#8221;http:\/\/langeroseeveille.fr\/wp-content\/uploads\/2024\/04\/therapy-51-1.png&#8221; background_size=&#8221;contain&#8221; background_position=&#8221;top_center&#8221; background_vertical_offset=&#8221;0%&#8221; custom_padding=&#8221;10vw||||false|false&#8221; custom_padding_tablet=&#8221;||||false|false&#8221; custom_padding_phone=&#8221;||||false|false&#8221; top_divider_height=&#8221;148px&#8221; top_divider_repeat=&#8221;1x&#8221; hover_enabled=&#8221;0&#8243; saved_tabs=&#8221;all&#8221; collapsed=&#8221;on&#8221; global_colors_info=&#8221;{}&#8221; sticky_enabled=&#8221;0&#8243;][et_pb_row column_structure=&#8221;1_3,1_3,1_3&#8243; _builder_version=&#8221;4.17.3&#8243; _module_preset=&#8221;default&#8221; global_colors_info=&#8221;{}&#8221;][et_pb_column type=&#8221;1_3&#8243; _builder_version=&#8221;4.17.1&#8243; _module_preset=&#8221;default&#8221; global_colors_info=&#8221;{}&#8221;][\/et_pb_column][et_pb_column type=&#8221;1_3&#8243; _builder_version=&#8221;4.17.1&#8243; _module_preset=&#8221;default&#8221; global_colors_info=&#8221;{}&#8221;][\/et_pb_column][et_pb_column type=&#8221;1_3&#8243; _builder_version=&#8221;4.17.1&#8243; _module_preset=&#8221;default&#8221; global_colors_info=&#8221;{}&#8221;][et_pb_text _builder_version=&#8221;4.17.1&#8243; _module_preset=&#8221;4827deed-2a92-4d97-a22f-f01067ae6873&#8243; header_font=&#8221;||||||||&#8221; header_4_font=&#8221;Inter|700|||||||&#8221; header_4_text_color=&#8221;#FFFFFF&#8221; header_4_font_size=&#8221;22px&#8221; header_4_line_height=&#8221;1.6em&#8221; custom_margin=&#8221;||0px||false|false&#8221; header_4_font_size_tablet=&#8221;20px&#8221; header_4_font_size_phone=&#8221;16px&#8221; header_4_font_size_last_edited=&#8221;on|phone&#8221; locked=&#8221;off&#8221; global_colors_info=&#8221;{}&#8221;]<\/p>\n<h4>Contact<\/h4>\n<p>[\/et_pb_text][et_pb_text _builder_version=&#8221;4.17.3&#8243; _module_preset=&#8221;1f09816e-184e-4ce5-a4cf-b39c52c423ca&#8221; text_font=&#8221;Inter||||||||&#8221; text_text_color=&#8221;#E1ECEA&#8221; text_font_size=&#8221;18px&#8221; text_line_height=&#8221;1.8em&#8221; link_text_color=&#8221;#E1ECEA&#8221; text_font_size_tablet=&#8221;16px&#8221; text_font_size_phone=&#8221;14px&#8221; text_font_size_last_edited=&#8221;on|tablet&#8221; header_font_size_tablet=&#8221;55px&#8221; header_font_size_last_edited=&#8221;off|desktop&#8221; locked=&#8221;off&#8221; global_colors_info=&#8221;{}&#8221;]<\/p>\n<p><a href=\"#\">Fanny 0<\/a>6 24 25 22 34<br \/><a href=\"#\">fanny.leveille.spirituel@gmail.com<\/a><\/p>\n<p>[\/et_pb_text][et_pb_social_media_follow icon_color=&#8221;#E1ECEA&#8221; _builder_version=&#8221;4.17.1&#8243; _module_preset=&#8221;default&#8221; global_colors_info=&#8221;{}&#8221;][et_pb_social_media_follow_network social_network=&#8221;facebook&#8221; _builder_version=&#8221;4.17.1&#8243; _module_preset=&#8221;default&#8221; global_colors_info=&#8221;{}&#8221; follow_button=&#8221;off&#8221; url_new_window=&#8221;on&#8221;]facebook[\/et_pb_social_media_follow_network][et_pb_social_media_follow_network social_network=&#8221;twitter&#8221; _builder_version=&#8221;4.17.1&#8243; _module_preset=&#8221;default&#8221; global_colors_info=&#8221;{}&#8221; follow_button=&#8221;off&#8221; url_new_window=&#8221;on&#8221;]twitter[\/et_pb_social_media_follow_network][et_pb_social_media_follow_network social_network=&#8221;linkedin&#8221; _builder_version=&#8221;4.17.1&#8243; _module_preset=&#8221;default&#8221; global_colors_info=&#8221;{}&#8221; follow_button=&#8221;off&#8221; url_new_window=&#8221;on&#8221;]linkedin[\/et_pb_social_media_follow_network][\/et_pb_social_media_follow][\/et_pb_column][\/et_pb_row][\/et_pb_section]<\/p>\n","protected":false},"excerpt":{"rendered":"<p>Mes actualit\u00e9sJe serai accueillie par Sylvia dans la boutique &#8221; F\u00e9e bois&#8221; \u00e0 Gaillan M\u00e9doc.Je propose des soins-guidances comprenant soins et messages des ma\u00eetres, de la source, des guides, des anges, ce qui est juste pour vous . Le tout en connexion avec Akasha (reli\u00e9 aux archives akashiques) ce qui va permettre de recevoir lib\u00e9rations, [&hellip;]<\/p>\n","protected":false},"author":1,"featured_media":0,"parent":0,"menu_order":0,"comment_status":"closed","ping_status":"closed","template":"","meta":{"_et_pb_use_builder":"on","_et_pb_old_content":"","_et_gb_content_width":"","footnotes":""},"class_list":["post-204","page","type-page","status-publish","hentry"],"yoast_head":"<!-- This site is optimized with the Yoast SEO plugin v22.8 - https:\/\/yoast.com\/wordpress\/plugins\/seo\/ -->\n<title>Mes actus - L&#039;ange Rose \u00e9veill\u00e9<\/title>\n<meta name=\"robots\" content=\"index, follow, max-snippet:-1, max-image-preview:large, max-video-preview:-1\" \/>\n<link rel=\"canonical\" href=\"https:\/\/langeroseeveille.fr\/index.php\/mes-actus\/\" \/>\n<meta property=\"og:locale\" content=\"fr_FR\" \/>\n<meta property=\"og:type\" content=\"article\" \/>\n<meta property=\"og:title\" content=\"Mes actus - L&#039;ange Rose \u00e9veill\u00e9\" \/>\n<meta property=\"og:description\" content=\"Mes actualit\u00e9sJe serai accueillie par Sylvia dans la boutique &quot; F\u00e9e bois&quot; \u00e0 Gaillan M\u00e9doc.Je propose des soins-guidances comprenant soins et messages des ma\u00eetres, de la source, des guides, des anges, ce qui est juste pour vous . Le tout en connexion avec Akasha (reli\u00e9 aux archives akashiques) ce qui va permettre de recevoir lib\u00e9rations, [&hellip;]\" \/>\n<meta property=\"og:url\" content=\"https:\/\/langeroseeveille.fr\/index.php\/mes-actus\/\" \/>\n<meta property=\"og:site_name\" content=\"L&#039;ange Rose \u00e9veill\u00e9\" \/>\n<meta property=\"article:publisher\" content=\"https:\/\/www.facebook.com\/profile.php?id=100083551203704\" \/>\n<meta property=\"article:modified_time\" content=\"2024-06-04T06:46:34+00:00\" \/>\n<meta name=\"twitter:card\" content=\"summary_large_image\" \/>\n<meta name=\"twitter:label1\" content=\"Dur\u00e9e de lecture estim\u00e9e\" \/>\n\t<meta name=\"twitter:data1\" content=\"7 minutes\" \/>\n<script type=\"application\/ld+json\" class=\"yoast-schema-graph\">{\"@context\":\"https:\/\/schema.org\",\"@graph\":[{\"@type\":\"WebPage\",\"@id\":\"https:\/\/langeroseeveille.fr\/index.php\/mes-actus\/\",\"url\":\"https:\/\/langeroseeveille.fr\/index.php\/mes-actus\/\",\"name\":\"Mes actus - L&#039;ange Rose \u00e9veill\u00e9\",\"isPartOf\":{\"@id\":\"https:\/\/langeroseeveille.fr\/#website\"},\"datePublished\":\"2024-04-09T20:05:02+00:00\",\"dateModified\":\"2024-06-04T06:46:34+00:00\",\"breadcrumb\":{\"@id\":\"https:\/\/langeroseeveille.fr\/index.php\/mes-actus\/#breadcrumb\"},\"inLanguage\":\"fr-FR\",\"potentialAction\":[{\"@type\":\"ReadAction\",\"target\":[\"https:\/\/langeroseeveille.fr\/index.php\/mes-actus\/\"]}]},{\"@type\":\"BreadcrumbList\",\"@id\":\"https:\/\/langeroseeveille.fr\/index.php\/mes-actus\/#breadcrumb\",\"itemListElement\":[{\"@type\":\"ListItem\",\"position\":1,\"name\":\"Accueil\",\"item\":\"https:\/\/langeroseeveille.fr\/\"},{\"@type\":\"ListItem\",\"position\":2,\"name\":\"Mes actus\"}]},{\"@type\":\"WebSite\",\"@id\":\"https:\/\/langeroseeveille.fr\/#website\",\"url\":\"https:\/\/langeroseeveille.fr\/\",\"name\":\"L'ange Rose \u00e9veill\u00e9\",\"description\":\"Lecture d&#039;archives akashiques\",\"publisher\":{\"@id\":\"https:\/\/langeroseeveille.fr\/#organization\"},\"potentialAction\":[{\"@type\":\"SearchAction\",\"target\":{\"@type\":\"EntryPoint\",\"urlTemplate\":\"https:\/\/langeroseeveille.fr\/?s={search_term_string}\"},\"query-input\":\"required name=search_term_string\"}],\"inLanguage\":\"fr-FR\"},{\"@type\":\"Organization\",\"@id\":\"https:\/\/langeroseeveille.fr\/#organization\",\"name\":\"L'ange Rose \u00e9veill\u00e9\",\"url\":\"https:\/\/langeroseeveille.fr\/\",\"logo\":{\"@type\":\"ImageObject\",\"inLanguage\":\"fr-FR\",\"@id\":\"https:\/\/langeroseeveille.fr\/#\/schema\/logo\/image\/\",\"url\":\"http:\/\/langeroseeveille.fr\/wp-content\/uploads\/2024\/04\/meditation-1384758_1280-1.jpg\",\"contentUrl\":\"http:\/\/langeroseeveille.fr\/wp-content\/uploads\/2024\/04\/meditation-1384758_1280-1.jpg\",\"width\":1280,\"height\":882,\"caption\":\"L'ange Rose \u00e9veill\u00e9\"},\"image\":{\"@id\":\"https:\/\/langeroseeveille.fr\/#\/schema\/logo\/image\/\"},\"sameAs\":[\"https:\/\/www.facebook.com\/profile.php?id=100083551203704\"]}]}<\/script>\n<!-- \/ Yoast SEO plugin. -->","yoast_head_json":{"title":"Mes actus - L&#039;ange Rose \u00e9veill\u00e9","robots":{"index":"index","follow":"follow","max-snippet":"max-snippet:-1","max-image-preview":"max-image-preview:large","max-video-preview":"max-video-preview:-1"},"canonical":"https:\/\/langeroseeveille.fr\/index.php\/mes-actus\/","og_locale":"fr_FR","og_type":"article","og_title":"Mes actus - L&#039;ange Rose \u00e9veill\u00e9","og_description":"Mes actualit\u00e9sJe serai accueillie par Sylvia dans la boutique \" F\u00e9e bois\" \u00e0 Gaillan M\u00e9doc.Je propose des soins-guidances comprenant soins et messages des ma\u00eetres, de la source, des guides, des anges, ce qui est juste pour vous . Le tout en connexion avec Akasha (reli\u00e9 aux archives akashiques) ce qui va permettre de recevoir lib\u00e9rations, [&hellip;]","og_url":"https:\/\/langeroseeveille.fr\/index.php\/mes-actus\/","og_site_name":"L&#039;ange Rose \u00e9veill\u00e9","article_publisher":"https:\/\/www.facebook.com\/profile.php?id=100083551203704","article_modified_time":"2024-06-04T06:46:34+00:00","twitter_card":"summary_large_image","twitter_misc":{"Dur\u00e9e de lecture estim\u00e9e":"7 minutes"},"schema":{"@context":"https:\/\/schema.org","@graph":[{"@type":"WebPage","@id":"https:\/\/langeroseeveille.fr\/index.php\/mes-actus\/","url":"https:\/\/langeroseeveille.fr\/index.php\/mes-actus\/","name":"Mes actus - L&#039;ange Rose \u00e9veill\u00e9","isPartOf":{"@id":"https:\/\/langeroseeveille.fr\/#website"},"datePublished":"2024-04-09T20:05:02+00:00","dateModified":"2024-06-04T06:46:34+00:00","breadcrumb":{"@id":"https:\/\/langeroseeveille.fr\/index.php\/mes-actus\/#breadcrumb"},"inLanguage":"fr-FR","potentialAction":[{"@type":"ReadAction","target":["https:\/\/langeroseeveille.fr\/index.php\/mes-actus\/"]}]},{"@type":"BreadcrumbList","@id":"https:\/\/langeroseeveille.fr\/index.php\/mes-actus\/#breadcrumb","itemListElement":[{"@type":"ListItem","position":1,"name":"Accueil","item":"https:\/\/langeroseeveille.fr\/"},{"@type":"ListItem","position":2,"name":"Mes actus"}]},{"@type":"WebSite","@id":"https:\/\/langeroseeveille.fr\/#website","url":"https:\/\/langeroseeveille.fr\/","name":"L'ange Rose \u00e9veill\u00e9","description":"Lecture d&#039;archives akashiques","publisher":{"@id":"https:\/\/langeroseeveille.fr\/#organization"},"potentialAction":[{"@type":"SearchAction","target":{"@type":"EntryPoint","urlTemplate":"https:\/\/langeroseeveille.fr\/?s={search_term_string}"},"query-input":"required name=search_term_string"}],"inLanguage":"fr-FR"},{"@type":"Organization","@id":"https:\/\/langeroseeveille.fr\/#organization","name":"L'ange Rose \u00e9veill\u00e9","url":"https:\/\/langeroseeveille.fr\/","logo":{"@type":"ImageObject","inLanguage":"fr-FR","@id":"https:\/\/langeroseeveille.fr\/#\/schema\/logo\/image\/","url":"http:\/\/langeroseeveille.fr\/wp-content\/uploads\/2024\/04\/meditation-1384758_1280-1.jpg","contentUrl":"http:\/\/langeroseeveille.fr\/wp-content\/uploads\/2024\/04\/meditation-1384758_1280-1.jpg","width":1280,"height":882,"caption":"L'ange Rose \u00e9veill\u00e9"},"image":{"@id":"https:\/\/langeroseeveille.fr\/#\/schema\/logo\/image\/"},"sameAs":["https:\/\/www.facebook.com\/profile.php?id=100083551203704"]}]}},"_links":{"self":[{"href":"https:\/\/langeroseeveille.fr\/index.php\/wp-json\/wp\/v2\/pages\/204","targetHints":{"allow":["GET"]}}],"collection":[{"href":"https:\/\/langeroseeveille.fr\/index.php\/wp-json\/wp\/v2\/pages"}],"about":[{"href":"https:\/\/langeroseeveille.fr\/index.php\/wp-json\/wp\/v2\/types\/page"}],"author":[{"embeddable":true,"href":"https:\/\/langeroseeveille.fr\/index.php\/wp-json\/wp\/v2\/users\/1"}],"replies":[{"embeddable":true,"href":"https:\/\/langeroseeveille.fr\/index.php\/wp-json\/wp\/v2\/comments?post=204"}],"version-history":[{"count":10,"href":"https:\/\/langeroseeveille.fr\/index.php\/wp-json\/wp\/v2\/pages\/204\/revisions"}],"predecessor-version":[{"id":269,"href":"https:\/\/langeroseeveille.fr\/index.php\/wp-json\/wp\/v2\/pages\/204\/revisions\/269"}],"wp:attachment":[{"href":"https:\/\/langeroseeveille.fr\/index.php\/wp-json\/wp\/v2\/media?parent=204"}],"curies":[{"name":"wp","href":"https:\/\/api.w.org\/{rel}","templated":true}]}}